{"id":44,"date":"2014-07-11T04:13:17","date_gmt":"2014-07-11T04:13:17","guid":{"rendered":"http:\/\/forging.kirextechno.com\/fr\/?page_id=44"},"modified":"2014-07-11T05:28:50","modified_gmt":"2014-07-11T05:28:50","slug":"equipement-forgeage-estampage-matricage","status":"publish","type":"page","link":"http:\/\/forging.kirextechno.com\/fr\/equipement-forgeage-estampage-matricage\/","title":{"rendered":"\u00c9quipement forgeage estampage matri\u00e7age"},"content":{"rendered":"<div class=\"wpb_row wf-container\" style=\"margin-top: 0px;margin-bottom: 0px\" >\n\t<div class=\"wf-cell wf-span-12 wpb_column column_container \">\n\t\t\t\n\t<div class=\"wpb_text_column wpb_content_element \">\n\t\t<div class=\"wpb_wrapper\">\n\t\t\t<span id=\"result_box\" lang=\"fr\"><span class=\"hps\"><strong>\u00c9quipement forgeage estampage matri\u00e7age<\/strong> &#8211; Notre usine<\/span> <span class=\"hps\">est \u00e9quip\u00e9e d&#8217;une<\/span> <span class=\"hps\">large gamme de presses<\/span> ainsi que<span class=\"hps\"> d&#8217;un centre d&#8217;usinage<\/span>, <span class=\"hps\">nous<\/span> <span class=\"hps\">permettant ainsi de<\/span> <span class=\"hps\">fabriquer<\/span> <span class=\"hps\">des pi\u00e8ces forg\u00e9es \u00e0 haute<\/span> <span class=\"hps\">valeur ajout\u00e9e de grande qualit\u00e9<\/span>. <span class=\"hps\">Nous disposons dans nos ateliers de diff\u00e9rentes cat\u00e9gories de presses :<\/span><br \/>\n<\/span><\/p>\n<ul>\n<li><span id=\"result_box\" lang=\"fr\">P<span class=\"hps\">resses<\/span> \u00e0 vis \u00e0 <span class=\"hps\">friction<\/span> <span class=\"hps\">allant de<\/span> <span class=\"hps\">160T<\/span> <span class=\"hps\">\u00e0<\/span> <span class=\"hps\">1600T<\/span><\/span><\/li>\n<li><span id=\"result_box\" lang=\"fr\">Presses h<span class=\"hps\">ydrauliques<\/span> d&#8217;<span class=\"hps\">estampage\/matri\u00e7age allant<\/span> <span class=\"hps\">de<\/span> <span class=\"hps\">25T<\/span> <span class=\"hps\">\u00e0<\/span> <span class=\"hps\">250T<\/span> <\/span><\/li>\n<li><span id=\"result_box\" lang=\"fr\">A<span class=\"hps\">telier<\/span> <span class=\"hps\">d&#8217;usinage <\/span>comprenant des <span class=\"hps\">tours CNC et<\/span> des <span class=\"hps\">centres d&#8217;usinage CNC<\/span><\/span><\/li>\n<\/ul>\n\n\t\t<\/div> \n\t<\/div> \n\t<\/div> \n<\/div><div class=\"wpb_row wf-container\" style=\"margin-top: 0px;margin-bottom: 0px\" >\n\t<div class=\"wf-cell wf-span-12 wpb_column column_container \">\n\t\t\t\n<div class=\"gap\" style=\"line-height: 25px; height: 25px;\"><\/div>\n\n\t<\/div> \n<\/div><div class=\"wpb_row wf-container\" style=\"margin-top: 0px;margin-bottom: 0px\" >\n\t<div class=\"wf-cell wf-span-12 wpb_column column_container \">\n\t\t\t<div class=\"hr-thin style-line\" style=\"width: 100%;\"><\/div>\n\t<\/div> \n<\/div><div class=\"wpb_row wf-container\" style=\"margin-top: 0px;margin-bottom: 0px\" >\n\t<div class=\"wf-cell wf-span-12 wpb_column column_container \">\n\t\t\t\n<div class=\"gap\" style=\"line-height: 25px; height: 25px;\"><\/div>\n\n\t<\/div> \n<\/div>\n","protected":false},"excerpt":{"rendered":"\u00c9quipement forgeage estampage matri\u00e7age - Notre usine est \u00e9quip\u00e9e d'une large gamme de presses ainsi que d'un centre d'usinage, nous permettant ainsi de fabriquer des pi\u00e8ces forg\u00e9es \u00e0 haute valeur ajout\u00e9e de grande qualit\u00e9. Nous disposons dans nos ateliers de diff\u00e9rentes cat\u00e9gories de presses : Presses \u00e0 vis \u00e0 friction allant de 160T \u00e0 1600T&hellip;","protected":false},"author":1,"featured_media":0,"parent":0,"menu_order":0,"comment_status":"open","ping_status":"open","template":"template-albums.php","meta":{"nf_dc_page":"","footnotes":""},"class_list":["post-44","page","type-page","status-publish","hentry"],"jetpack_sharing_enabled":true,"_links":{"self":[{"href":"http:\/\/forging.kirextechno.com\/fr\/wp-json\/wp\/v2\/pages\/44","targetHints":{"allow":["GET"]}}],"collection":[{"href":"http:\/\/forging.kirextechno.com\/fr\/wp-json\/wp\/v2\/pages"}],"about":[{"href":"http:\/\/forging.kirextechno.com\/fr\/wp-json\/wp\/v2\/types\/page"}],"author":[{"embeddable":true,"href":"http:\/\/forging.kirextechno.com\/fr\/wp-json\/wp\/v2\/users\/1"}],"replies":[{"embeddable":true,"href":"http:\/\/forging.kirextechno.com\/fr\/wp-json\/wp\/v2\/comments?post=44"}],"version-history":[{"count":3,"href":"http:\/\/forging.kirextechno.com\/fr\/wp-json\/wp\/v2\/pages\/44\/revisions"}],"predecessor-version":[{"id":50,"href":"http:\/\/forging.kirextechno.com\/fr\/wp-json\/wp\/v2\/pages\/44\/revisions\/50"}],"wp:attachment":[{"href":"http:\/\/forging.kirextechno.com\/fr\/wp-json\/wp\/v2\/media?parent=44"}],"curies":[{"name":"wp","href":"https:\/\/api.w.org\/{rel}","templated":true}]}}