{"id":49,"date":"2014-07-11T09:12:57","date_gmt":"2014-07-11T09:12:57","guid":{"rendered":"http:\/\/forging.kirextechno.com\/fr\/?page_id=49"},"modified":"2014-07-25T10:19:15","modified_gmt":"2014-07-25T10:19:15","slug":"qualite-forge-estampage-matricage-en-chine","status":"publish","type":"page","link":"http:\/\/forging.kirextechno.com\/fr\/qualite-forge-estampage-matricage-en-chine\/","title":{"rendered":"Qualit\u00e9 forge estampage matri\u00e7age en Chine"},"content":{"rendered":"<div class=\"wpb_row wf-container\" style=\"margin-top: 0px;margin-bottom: 0px\" >\n\t<div class=\"wf-cell wf-span-12 wpb_column column_container \">\n\t\t\t\n\t<div class=\"wpb_single_image wpb_content_element vc_align_center\">\n\t\t<div class=\"wpb_wrapper\">\n\t\t\t\n\t\t\t<img loading=\"lazy\" decoding=\"async\" width=\"747\" height=\"160\" src=\"https:\/\/i0.wp.com\/forging.kirextechno.com\/fr\/wp-content\/uploads\/2014\/07\/CQ-banner1.jpg?fit=747%2C160\" class=\" vc_box_border_grey attachment-full\" alt=\"\" srcset=\"https:\/\/i0.wp.com\/forging.kirextechno.com\/fr\/wp-content\/uploads\/2014\/07\/CQ-banner1.jpg?w=747 747w, https:\/\/i0.wp.com\/forging.kirextechno.com\/fr\/wp-content\/uploads\/2014\/07\/CQ-banner1.jpg?resize=300%2C64 300w\" sizes=\"auto, (max-width: 747px) 100vw, 747px\" \/>\n\t\t<\/div> \n\t<\/div>\n<div class=\"gap\" style=\"line-height: 30px; height: 30px;\"><\/div>\n\n\t<div class=\"wpb_text_column wpb_content_element \">\n\t\t<div class=\"wpb_wrapper\">\n\t\t\t\n<blockquote><p><strong>&#8220;<\/strong><span id=\"result_box\" lang=\"fr\"><strong><em>Nos points forts<\/em>&#8220;<\/strong><\/span><\/p><\/blockquote>\n<p><span id=\"result_box\" lang=\"fr\"><span class=\"hps\">1<\/span>.\u00a0<span class=\"hps\">Notre<\/span>\u00a0<span class=\"hps\">gestion<\/span>\u00a0de la production\u00a0<span class=\"hps\">est enti\u00e8rement d\u00e9volue \u00e0<\/span>\u00a0l&#8217;<span class=\"hps\">obtention de pi\u00e8ces<\/span>\u00a0<span class=\"hps\">qui r\u00e9pondent \u00e0<\/span>\u00a0<span class=\"hps\">100<\/span>% \u00e0<span class=\"hps\">\u00a0vos<\/span>\u00a0<span class=\"hps\">exigences de qualit\u00e9<\/span>.\u00a0<span class=\"hps\">Pour tout<\/span>\u00a0<span class=\"hps\">nouvel \u00e9chantillon<\/span>\u00a0<span class=\"hps\">ou<\/span>\u00a0<span class=\"hps\">toute nouvelle s\u00e9rie<\/span>,\u00a0<span class=\"hps\">notre chef de projet<\/span>\u00a0<span class=\"hps\">travaille main dans la<\/span>\u00a0<span class=\"hps\">main<\/span>\u00a0<span class=\"hps\">avec le responsable production<\/span>,\u00a0<span class=\"hps\">le d\u00e9partement<\/span><span class=\"hps\">\u00a0outillage<\/span>\u00a0<span class=\"hps atn\">et le responsable<\/span><span class=\"hps\">\u00a0qualit\u00e9<\/span>\u00a0<span class=\"hps\">afin de s&#8217;assurer que<\/span>\u00a0<span class=\"hps\">les sp\u00e9cifications des<\/span>\u00a0<span class=\"hps\">produits<\/span>\u00a0<span class=\"hps\">sont garantis<\/span>.\u00a0<span class=\"hps\">Tout notre personnel<\/span>\u00a0<span class=\"hps\">est form\u00e9 pour<\/span>\u00a0<span class=\"hps\">am\u00e9liorer constamment<\/span>\u00a0<span class=\"hps\">nos processus<\/span>\u00a0afin d&#8217;<span class=\"hps\">atteindre et de maintenir durablement les<\/span>\u00a0<span class=\"hps\">plus hauts standards de<\/span>\u00a0<span class=\"hps\">qualit\u00e9<\/span>.<\/span><\/p>\n<p>2.Controle des propri\u00e9t\u00e9s m\u00e9caniques apres traitement thermique ( Trempe et revenu, C\u00e9mentation ,etc):<\/p>\n<p>&#8211; Controle de la r\u00e9sistance \u00e0\u00a0la rupture (Rr),Limite \u00e9lastique (Le) , Elongation A%, R\u00e9silience ( Kv) (\u00e0 20deg,0deg,-20deg) pour chaque lot trait\u00e9s thermiquement.<\/p>\n<p>&#8211; Duret\u00e9 ( HB, Hv,Hrc,etc) :Controle sur \u00e9chantillon sur surface polie de la duret\u00e9 \u00e0\u00a0coeur et en surface pour chaque lot\u00a0trait\u00e9s thermiquement<\/p>\n<p>-Microstructure : Controle de la taille du grain sur \u00e9chantillon pour chaque lot trait\u00e9 thermiquement.<\/p>\n<p><span class=\"hps\">3.<\/span>\u00a0<span class=\"hps\">Notre usine<\/span>\u00a0<span class=\"hps\">est \u00e9quip\u00e9e d&#8217;une<\/span>\u00a0<span class=\"hps\">vaste gamme d<\/span><span class=\"hps\">&#8216;outils de contr\u00f4le<\/span>\u00a0<span class=\"hps\">et d&#8217;analyse, allant du kit de contr\u00f4le dimensionnel classique aux<\/span>\u00a0<span class=\"hps\">\u00e9quipements<\/span>\u00a0<span class=\"hps\">de pointe\u00a0<\/span>:<\/p>\n<ul>\n<li><span id=\"result_box\" lang=\"fr\"><span class=\"hps\">Machine \u00e0 mesurer tridimensionnelle<\/span>\u00a0<span class=\"hps\">CMM<\/span><\/span><\/li>\n<li><span id=\"result_box\" lang=\"fr\">Banc de traction<\/span><\/li>\n<li><span id=\"result_box\" lang=\"fr\">Appareil de contr\u00f4le par\u00a0<span class=\"hps\">ultrasons<\/span>\u00a0<span class=\"hps\">UT<\/span><\/span><\/li>\n<li><span id=\"result_box\" lang=\"fr\"><span class=\"hps\">Kit standard d&#8217;outils<\/span>\u00a0<span class=\"hps\">de contr\u00f4le dimensionnel<\/span>, y compris\u00a0<span class=\"hps\">microm\u00e8tres 3 touches<\/span><\/span><\/li>\n<\/ul>\n\n\t\t<\/div> \n\t<\/div> \n\t<\/div> \n<\/div>\n","protected":false},"excerpt":{"rendered":"\"Nos points forts\" 1.\u00a0Notre\u00a0gestion\u00a0de la production\u00a0est enti\u00e8rement d\u00e9volue \u00e0\u00a0l'obtention de pi\u00e8ces\u00a0qui r\u00e9pondent \u00e0\u00a0100% \u00e0\u00a0vos\u00a0exigences de qualit\u00e9.\u00a0Pour tout\u00a0nouvel \u00e9chantillon\u00a0ou\u00a0toute nouvelle s\u00e9rie,\u00a0notre chef de projet\u00a0travaille main dans la\u00a0main\u00a0avec le responsable production,\u00a0le d\u00e9partement\u00a0outillage\u00a0et le responsable\u00a0qualit\u00e9\u00a0afin de s'assurer que\u00a0les sp\u00e9cifications des\u00a0produits\u00a0sont garantis.\u00a0Tout notre personnel\u00a0est form\u00e9 pour\u00a0am\u00e9liorer constamment\u00a0nos processus\u00a0afin d'atteindre et de maintenir durablement les\u00a0plus hauts standards de\u00a0qualit\u00e9. 2.Controle des&hellip;","protected":false},"author":1,"featured_media":0,"parent":0,"menu_order":0,"comment_status":"open","ping_status":"open","template":"template-media-jgrid.php","meta":{"nf_dc_page":"","footnotes":""},"class_list":["post-49","page","type-page","status-publish","hentry"],"jetpack_sharing_enabled":true,"_links":{"self":[{"href":"http:\/\/forging.kirextechno.com\/fr\/wp-json\/wp\/v2\/pages\/49","targetHints":{"allow":["GET"]}}],"collection":[{"href":"http:\/\/forging.kirextechno.com\/fr\/wp-json\/wp\/v2\/pages"}],"about":[{"href":"http:\/\/forging.kirextechno.com\/fr\/wp-json\/wp\/v2\/types\/page"}],"author":[{"embeddable":true,"href":"http:\/\/forging.kirextechno.com\/fr\/wp-json\/wp\/v2\/users\/1"}],"replies":[{"embeddable":true,"href":"http:\/\/forging.kirextechno.com\/fr\/wp-json\/wp\/v2\/comments?post=49"}],"version-history":[{"count":6,"href":"http:\/\/forging.kirextechno.com\/fr\/wp-json\/wp\/v2\/pages\/49\/revisions"}],"predecessor-version":[{"id":76,"href":"http:\/\/forging.kirextechno.com\/fr\/wp-json\/wp\/v2\/pages\/49\/revisions\/76"}],"wp:attachment":[{"href":"http:\/\/forging.kirextechno.com\/fr\/wp-json\/wp\/v2\/media?parent=49"}],"curies":[{"name":"wp","href":"https:\/\/api.w.org\/{rel}","templated":true}]}}