{"id":8,"date":"2014-06-09T15:25:21","date_gmt":"2014-06-09T15:25:21","guid":{"rendered":"http:\/\/forging.kirextechno.com\/fr\/?page_id=8"},"modified":"2014-08-15T09:00:38","modified_gmt":"2014-08-15T09:00:38","slug":"fournisseur-de-pieces-forgees-en-chine","status":"publish","type":"page","link":"http:\/\/forging.kirextechno.com\/fr\/","title":{"rendered":"M\u00e9tiers de la forge en Chine"},"content":{"rendered":"<div class=\"wpb_row wf-container\" style=\"margin-top: 0px;margin-bottom: 0px\" >\n\t<div class=\"wf-cell wf-span-12 wpb_column column_container \">\n\t\t\t\n<div class=\"shortcode-instagram slider-wrapper\" style=\"margin-bottom: 10px;margin-top: 10px\">\n\t\t\t\t\t\t\t\n\t\t\t\t\t\t\t<div class=\"frame fullwidth-slider\">\n\t\t\t\t\t\t\t\t<ul class=\"clearfix\">\n\t<li class=\"fs-entry ts-cell\"><div class=\"fs-entry-slide\"><div class=\"fs-entry-img\">\n\t\t<img loading=\"lazy\" decoding=\"async\" src=\"https:\/\/i0.wp.com\/forging.kirextechno.com\/fr\/wp-content\/uploads\/2014\/07\/cold_forging_parts_auto.jpg?fit=902%2C508\" class=\"preload-me\" width=\"372\" height=\"210\"  alt=\"cold_forging_parts_auto\" \/><\/div>\n\t<\/div><\/li>\n\t<li class=\"fs-entry ts-cell\"><div class=\"fs-entry-slide\"><div class=\"fs-entry-img\">\n\t\t<img loading=\"lazy\" decoding=\"async\" src=\"https:\/\/i0.wp.com\/forging.kirextechno.com\/fr\/wp-content\/uploads\/2014\/07\/hot_forged_parts.jpg?fit=686%2C421\" class=\"preload-me\" width=\"342\" height=\"210\"  alt=\"hot_forged_parts\" \/><\/div>\n\t<\/div><\/li>\n\t<li class=\"fs-entry ts-cell\"><div class=\"fs-entry-slide\"><div class=\"fs-entry-img\">\n\t\t<img loading=\"lazy\" decoding=\"async\" src=\"https:\/\/i0.wp.com\/forging.kirextechno.com\/fr\/wp-content\/uploads\/2014\/07\/forged_parts.jpg?fit=975%2C731\" class=\"preload-me\" width=\"280\" height=\"210\"  alt=\"forged_parts\" \/><\/div>\n\t<\/div><\/li>\n\t<li class=\"fs-entry ts-cell\"><div class=\"fs-entry-slide\"><div class=\"fs-entry-img\">\n\t\t<img loading=\"lazy\" decoding=\"async\" src=\"https:\/\/i0.wp.com\/forging.kirextechno.com\/fr\/wp-content\/uploads\/2014\/07\/conrods.jpg?fit=2560%2C1920\" class=\"preload-me\" width=\"280\" height=\"210\"  alt=\"conrods\" \/><\/div>\n\t<\/div><\/li>\n\t<li class=\"fs-entry ts-cell\"><div class=\"fs-entry-slide\"><div class=\"fs-entry-img\">\n\t\t<img loading=\"lazy\" decoding=\"async\" src=\"https:\/\/i0.wp.com\/forging.kirextechno.com\/fr\/wp-content\/uploads\/2014\/07\/gate_valve_body.jpg?fit=2560%2C1920\" class=\"preload-me\" width=\"280\" height=\"210\"  alt=\"gate_valve_body\" \/><\/div>\n\t<\/div><\/li>\n\t<li class=\"fs-entry ts-cell\"><div class=\"fs-entry-slide\"><div class=\"fs-entry-img\">\n\t\t<img loading=\"lazy\" decoding=\"async\" src=\"https:\/\/i0.wp.com\/forging.kirextechno.com\/fr\/wp-content\/uploads\/2014\/07\/crankshaft.jpg?fit=2560%2C1920\" class=\"preload-me\" width=\"280\" height=\"210\"  alt=\"crankshaft\" \/><\/div>\n\t<\/div><\/li>\n\t<li class=\"fs-entry ts-cell\"><div class=\"fs-entry-slide\"><div class=\"fs-entry-img\">\n\t\t<img loading=\"lazy\" decoding=\"async\" src=\"https:\/\/i0.wp.com\/forging.kirextechno.com\/fr\/wp-content\/uploads\/2014\/07\/forging_parts.jpg?fit=800%2C466\" class=\"preload-me\" width=\"360\" height=\"210\"  alt=\"forging_parts\" \/><\/div>\n\t<\/div><\/li>\n\t<li class=\"fs-entry ts-cell\"><div class=\"fs-entry-slide\"><div class=\"fs-entry-img\">\n\t\t<img loading=\"lazy\" decoding=\"async\" src=\"https:\/\/i0.wp.com\/forging.kirextechno.com\/fr\/wp-content\/uploads\/2014\/07\/hot_forging_rod.jpg?fit=2560%2C1920\" class=\"preload-me\" width=\"280\" height=\"210\"  alt=\"hot_forging_rod\" \/><\/div>\n\t<\/div><\/li>\n<\/ul><\/div><div class=\"prev\"><i><\/i><\/div><div class=\"next\"><i><\/i><\/div><\/div>\n\t<\/div> \n<\/div><div class=\"wpb_row wf-container\" style=\"margin-top: 0px;margin-bottom: 0px\" >\n\t<div class=\"wf-cell wf-span-12 wpb_column column_container \">\n\t\t\t\n<div class=\"gap\" style=\"line-height: 20px; height: 20px;\"><\/div>\n\n\t<\/div> \n<\/div><div class=\"wpb_row wf-container\" style=\"margin-top: 0px;margin-bottom: 0px\" >\n\t<div class=\"wf-cell wf-span-8 wpb_column column_container \">\n\t\t\t\n\t<div class=\"wpb_text_column wpb_content_element \">\n\t\t<div class=\"wpb_wrapper\">\n\t\t\t<span lang=\"fr\"><span class=\"hps\"><strong>M\u00e9tiers de la forge en Chine<\/strong> &#8211; Bas\u00e9<\/span> <span class=\"hps\">\u00e0<\/span> <span class=\"hps\">Yinzhou<\/span> <span class=\"hps\">aux abords de <\/span><span class=\"hps\">Ningbo<\/span>, <span class=\"hps\">dans la province du<\/span> <span class=\"hps\">Zhejiang<\/span>, <span class=\"hps\">KIREX<\/span> <span class=\"hps\">TECHNO<\/span> <span class=\"hps\">Forging &amp; Stamping<\/span> <span class=\"hps\">est une usine<\/span><span class=\"hps\"> sp\u00e9cialis\u00e9es dans les m\u00e9tiers de la<\/span> <span class=\"hps\">forge :<br \/>\n<\/span><\/span><\/p>\n<ul>\n<li>Estampage \/ Matri\u00e7age<span id=\"result_box\" lang=\"fr\"><\/span><\/li>\n<li>Forgeage \u00e0 froid \/ \u00e0 mi-chaud<\/li>\n<li>Pliage \u00e0 chaud<\/li>\n<\/ul>\n<p>&nbsp;<\/p>\n<p><span id=\"result_box\" lang=\"fr\"><span class=\"hps\">Nos produits sont utilis\u00e9s<\/span> <span class=\"hps\">dans diff\u00e9rents<\/span> <span class=\"hps\">secteurs de l&#8217;industrie <\/span>:<br \/>\n<\/span><\/p>\n<ul>\n<li><span id=\"result_box\" lang=\"fr\"><span class=\"hps\">Pi\u00e8ces de haute pr\u00e9cision<\/span> destin\u00e9es \u00e0<span class=\"hps\"> l&#8217;industrie automobile<\/span> <\/span><\/li>\n<li><span id=\"result_box\" lang=\"fr\"><span class=\"hps\">Composants<\/span> <span class=\"hps\">de v\u00e9rins hydrauliques<\/span> <\/span><\/li>\n<li><span id=\"result_box\" lang=\"fr\"><span class=\"hps\">Pi\u00e8ces pour grues et syst\u00e8mes<\/span> <span class=\"hps\">de levage<\/span> <\/span><\/li>\n<li><span id=\"result_box\" lang=\"fr\"><span class=\"hps\">Pi\u00e8ces destin\u00e9es \u00e0 la<\/span><span class=\"hps\"> construction navale<\/span><\/span><\/li>\n<li><span class=\"hps\">Pi\u00e8ces pour engins de chantier<\/span><\/li>\n<\/ul>\n<p><span id=\"result_box\" lang=\"fr\"><br \/>\n<span class=\"hps\">Fond\u00e9e en<\/span> <span class=\"hps\">2009,<\/span><span id=\"result_box\" lang=\"fr\"><\/span><span class=\"hps\">notre usine<\/span> <span class=\"hps\">est certifi\u00e9e<\/span> <span class=\"hps\">ISO\/TS16949 (<span id=\"result_box\" lang=\"fr\">certification pour<span id=\"result_box\" lang=\"fr\"> <span class=\"hps\">gestion de la qualit\u00e9)<\/span><\/span><\/span><\/span>. <span class=\"hps\">Nous<\/span> <span class=\"hps\">sommes \u00e9quip\u00e9s<\/span> <span class=\"hps\">des presses \u00e0<\/span> <span class=\"hps atn\">friction <span id=\"result_box\" lang=\"fr\"><span class=\"hps\">de diff\u00e9rents<\/span> <span class=\"hps\">tonnages <\/span><\/span>(<\/span>allant <span class=\"hps\">forme<\/span> <span class=\"hps\">160T<\/span> <span class=\"hps\">\u00e0<\/span> <span class=\"hps\">1600T<\/span>), de presses <span class=\"hps\">d&#8217;emboutissage<\/span> <span class=\"hps atn\">hydrauliques (<\/span>allant de <span class=\"hps\">25T<\/span> <span class=\"hps\">\u00e0<\/span> <span class=\"hps\">250T<\/span>) <span class=\"hps\">ainsi que d&#8217;un<\/span> <span class=\"hps\">atelier<\/span> <span class=\"hps\">d&#8217;usinage<\/span> <span class=\"hps\">CNC<\/span> <span class=\"hps\">complet, comprenant<\/span><span class=\"hps\"> tours CNC<\/span> <span class=\"hps\">et<\/span> <span class=\"hps\">centres d&#8217;usinage CNC<\/span>.<\/span>\n\t\t<\/div> \n\t<\/div>\n<div class=\"gap\" style=\"line-height: 30px; height: 30px;\"><\/div>\n\n\t<div class=\"wpb_text_column wpb_content_element \">\n\t\t<div class=\"wpb_wrapper\">\n\t\t\t\n<blockquote><p><em><strong>&#8220;KIREX TECHNO forge en un coup d&#8217;oeil &#8230;&#8221;<\/strong><\/em><\/p><\/blockquote>\n<p><strong>Date de cr\u00e9ation<\/strong>\u00a0: 2000 05 20<br \/>\n<strong>Capital social<\/strong>\u00a0: 2 millions USD, Immobilisation corporelle : 20 millions USD, joint-venture sino-\u00e9trang\u00e8re<br \/>\n<strong>Repr\u00e9sentants l\u00e9gaux<\/strong>\u00a0: M. Yen\u00a0&amp; M. Farid KHIAR<br \/>\n<strong>Caract\u00e9ristiques de l&#8217;usine<\/strong>\u00a0:<\/p>\n<ul>\n<li>Superficie totale : 5500m2<\/li>\n<li>Superficie des b\u00e2timents : 8500 m2<\/li>\n<\/ul>\n<p><strong>Employ\u00e9s<\/strong>\u00a0: 65<br \/>\n<strong>Champs d&#8217;activit\u00e9<\/strong>\u00a0:Forge, Estampage,matricage , Usinage Fraise Horizontale NC,Fraise vertical NC, Tours conventionnel et \u00e0\u00a0controle num\u00e9rique, \u00a0centre 4 Axes , usinage de pi\u00e8ces m\u00e9caniques diverses.<br \/>\n<strong>Part \u00e0 l&#8217;exportation<\/strong>\u00a0: 90%<br \/>\n<strong>Certification<\/strong>\u00a0: ISO\/TS16949 par NQA mai 2008\n\t\t<\/div> \n\t<\/div> \n\t<\/div> \n\n\t<div class=\"wf-cell wf-span-4 wpb_column column_container \">\n\t\t\t\n\t<div class=\"wpb_gallery wpb_posts_slider wpb_content_element dt-style\">\n\t\t<div class=\"wpb_wrapper\"><div class=\"wpb_gallery_slides wpb_flexslider flexslider_fade flexslider\" data-interval=\"10\" data-flex_fx=\"fade\"><ul class=\"slides\"><li><a class=\"link_image\" href=\"http:\/\/forging.kirextechno.com\/fr\/novembre-18-2014-production-acier-forgee-et-finition-usinage-cnc-chine\/\" title=\"Permalink to Novembre 18, 2014- Production acier forg\u00e9e et finition usinage CNC Chine\"><img loading=\"lazy\" decoding=\"async\" width=\"225\" height=\"300\" src=\"https:\/\/i0.wp.com\/forging.kirextechno.com\/fr\/wp-content\/uploads\/2014\/11\/20141111_145713_resized.jpg?fit=225%2C300\" class=\"attachment-medium\" alt=\"Pi\u00e8ce forge et finition usinage CNC 4 axes - KIREX TECHNO Chine\" srcset=\"https:\/\/i0.wp.com\/forging.kirextechno.com\/fr\/wp-content\/uploads\/2014\/11\/20141111_145713_resized.jpg?w=768 768w, https:\/\/i0.wp.com\/forging.kirextechno.com\/fr\/wp-content\/uploads\/2014\/11\/20141111_145713_resized.jpg?resize=225%2C300 225w\" sizes=\"auto, (max-width: 225px) 100vw, 225px\" \/><\/a><div class=\"flex-caption\"><h2 class=\"post-title\"><a class=\"link_image\" href=\"http:\/\/forging.kirextechno.com\/fr\/novembre-18-2014-production-acier-forgee-et-finition-usinage-cnc-chine\/\" title=\"Permalink to Novembre 18, 2014- Production acier forg\u00e9e et finition usinage CNC Chine\">Novembre 18, 2014- Production acier forg\u00e9e et finition usinage CNC Chine<\/a><\/h2><p>Nouvelle s\u00e9rie pi\u00e8ces m\u00e9canique en acier S355JO forge avec finition par usinage CNC 4 axes, \u00a0Tourillons forg\u00e9es pour v\u00e9rin hydraulique.<\/p>\n<\/div><\/li><li><a class=\"link_image\" href=\"http:\/\/forging.kirextechno.com\/fr\/14-aout-2014-sous-traitance-pieces-mecanique-chine-nouvelle-serie-dattache-en-uacier-s355jo-dans-notre-forge\/\" title=\"Permalink to 14 aout 2014 &#8211; Nouvelle s\u00e9rie d&#8217;attaches en U (acier S355JO) dans notre forge\"><img loading=\"lazy\" decoding=\"async\" width=\"300\" height=\"225\" src=\"https:\/\/i0.wp.com\/forging.kirextechno.com\/fr\/wp-content\/uploads\/2014\/08\/DSCF1192.jpg?fit=300%2C225\" class=\"attachment-medium\" alt=\"\" srcset=\"https:\/\/i0.wp.com\/forging.kirextechno.com\/fr\/wp-content\/uploads\/2014\/08\/DSCF1192.jpg?w=2592 2592w, https:\/\/i0.wp.com\/forging.kirextechno.com\/fr\/wp-content\/uploads\/2014\/08\/DSCF1192.jpg?resize=300%2C225 300w, https:\/\/i0.wp.com\/forging.kirextechno.com\/fr\/wp-content\/uploads\/2014\/08\/DSCF1192.jpg?resize=1024%2C768 1024w, https:\/\/i0.wp.com\/forging.kirextechno.com\/fr\/wp-content\/uploads\/2014\/08\/DSCF1192.jpg?w=2400 2400w\" sizes=\"auto, (max-width: 300px) 100vw, 300px\" \/><\/a><div class=\"flex-caption\"><h2 class=\"post-title\"><a class=\"link_image\" href=\"http:\/\/forging.kirextechno.com\/fr\/14-aout-2014-sous-traitance-pieces-mecanique-chine-nouvelle-serie-dattache-en-uacier-s355jo-dans-notre-forge\/\" title=\"Permalink to 14 aout 2014 &#8211; Nouvelle s\u00e9rie d&#8217;attaches en U (acier S355JO) dans notre forge\">14 aout 2014 &#8211; Nouvelle s\u00e9rie d&#8217;attaches en U (acier S355JO) dans notre forge<\/a><\/h2>Sous-traitance de pi\u00e8ces m\u00e9caniques\u00a0 Chine Nouvelle s\u00e9rie\u00a0d'attaches pour v\u00e9rin hydraulique dans notre forge. Afin d'obtenir les propri\u00e9t\u00e9s m\u00e9caniques requises, ces pi\u00e8ces sont obtenues en pliage \u00e0\u00a0chaud, apr\u00e8s chauffage du plat par induction \u00e9lectromagn\u00e9tique Pour un contr\u00f4le dimensionnel \u00e0 100% des chapes, KIREX TECHNO a fabriqu\u00e9 une gauge de contr\u00f4le sur-mesure. &nbsp;<\/div><\/li><\/ul><\/div>\n\t\t<\/div> \n\t<\/div> \n\t<\/div> \n<\/div>\n","protected":false},"excerpt":{"rendered":"Sous-traitance de pi\u00e8ces m\u00e9caniques\u00a0 Chine Nouvelle s\u00e9rie\u00a0d'attaches pour v\u00e9rin hydraulique dans notre forge. Afin d'obtenir les propri\u00e9t\u00e9s m\u00e9caniques requises, ces pi\u00e8ces sont obtenues en pliage \u00e0\u00a0chaud, apr\u00e8s chauffage du plat par induction \u00e9lectromagn\u00e9tique Pour un contr\u00f4le dimensionnel \u00e0 100% des chapes, KIREX TECHNO a fabriqu\u00e9 une gauge de contr\u00f4le sur-mesure. &nbsp;","protected":false},"author":1,"featured_media":0,"parent":0,"menu_order":0,"comment_status":"open","ping_status":"open","template":"template-blog-list.php","meta":{"nf_dc_page":"","footnotes":""},"class_list":["post-8","page","type-page","status-publish","hentry","format-standard"],"jetpack_sharing_enabled":true,"_links":{"self":[{"href":"http:\/\/forging.kirextechno.com\/fr\/wp-json\/wp\/v2\/pages\/8","targetHints":{"allow":["GET"]}}],"collection":[{"href":"http:\/\/forging.kirextechno.com\/fr\/wp-json\/wp\/v2\/pages"}],"about":[{"href":"http:\/\/forging.kirextechno.com\/fr\/wp-json\/wp\/v2\/types\/page"}],"author":[{"embeddable":true,"href":"http:\/\/forging.kirextechno.com\/fr\/wp-json\/wp\/v2\/users\/1"}],"replies":[{"embeddable":true,"href":"http:\/\/forging.kirextechno.com\/fr\/wp-json\/wp\/v2\/comments?post=8"}],"version-history":[{"count":7,"href":"http:\/\/forging.kirextechno.com\/fr\/wp-json\/wp\/v2\/pages\/8\/revisions"}],"predecessor-version":[{"id":84,"href":"http:\/\/forging.kirextechno.com\/fr\/wp-json\/wp\/v2\/pages\/8\/revisions\/84"}],"wp:attachment":[{"href":"http:\/\/forging.kirextechno.com\/fr\/wp-json\/wp\/v2\/media?parent=8"}],"curies":[{"name":"wp","href":"https:\/\/api.w.org\/{rel}","templated":true}]}}